{"id":1714,"date":"2020-05-09T19:56:28","date_gmt":"2020-05-09T16:56:28","guid":{"rendered":"https:\/\/istyapi.com.tr\/en\/?page_id=1714"},"modified":"2021-05-03T10:46:22","modified_gmt":"2021-05-03T10:46:22","slug":"parking-barrier-systems","status":"publish","type":"page","link":"https:\/\/www.istyapi.com.tr\/en\/parking-barrier-systems\/","title":{"rendered":"Parking Barrier Systems"},"content":{"rendered":"<p>[vc_row css=&#8221;.vc_custom_1587987672567{padding-top: 40px !important;}&#8221;][vc_column width=&#8221;1\/2&#8243;][vc_custom_heading text=&#8221;Parking Barrier Systems&#8221; use_theme_fonts=&#8221;yes&#8221; css=&#8221;.vc_custom_1589043107234{padding-bottom: 30px !important;}&#8221;][vc_column_text]<\/p>\n<p style=\"color: #747983; font-size: 14px;\">Parking Barrier Systems are used especially in massive or medium-density mass housing, industrial facilities and government institutions. The robustness and opening and closing performance of automatic barrier systems are designed for 100% continuity.<\/p>\n<p>&nbsp;<\/p>\n<p style=\"color: #747983; font-size: 14px;\">Parking Barrier systems, besides being able to perform basic entry and exit control duties successfully; can provide service in long periods without the need for maintenance. Movable arm provides soft start and stop. In this way, mechanical wear is minimal and very intensive use of the barrier is possible. It is not possible to lift the arm and damage the internal mechanism with external interventions. No external lever lock is required. There is the possibility of manual use.<\/p>\n<p>[\/vc_column_text][\/vc_column][vc_column width=&#8221;1\/2&#8243;][vc_gallery type=&#8221;flexslider_slide&#8221; interval=&#8221;3&#8243; images=&#8221;1317,1318,1312,1313,1314,1309,1311,1310,1308,1307,1306,1305,1304,1320,1316,1315,1319,2218,2217,2216,2215,2214&#8243; img_size=&#8221;full&#8221; css_animation=&#8221;bounceInDown&#8221;][\/vc_column][\/vc_row][vc_row full_width=&#8221;stretch_row&#8221; bg_type=&#8221;bg_color&#8221; bg_color_value=&#8221;#e2e2e2&#8243; css=&#8221;.vc_custom_1588875898682{padding-top: 50px !important;padding-bottom: 50px !important;}&#8221;][vc_column width=&#8221;2\/3&#8243;][vc_column_text]<\/p>\n<h5 style=\"font-size: 36px; text-align: center; padding-top: 10px;\">Do you need more information?<\/h5>\n<p>[\/vc_column_text][\/vc_column][vc_column width=&#8221;1\/3&#8243;]<div class=\" ubtn-ctn-center \"><a class=\"ubtn-link ult-adjust-bottom-margin ubtn-center ubtn-custom \" href=\"https:\/\/istyapi.com.tr\/en\/en\/contact-us\/\" title=\"Contact Us\" ><button type=\"button\" id=\"ubtn-3139\"  class=\"ubtn ult-adjust-bottom-margin ult-responsive ubtn-custom ubtn-fade-bg  ulta-push  ubtn-center   tooltip-69edb20ec4a20\"  data-hover=\"#ffffff\" data-border-color=\"\" data-bg=\"#1e73be\" data-hover-bg=\"#dd3333\" data-border-hover=\"\" data-shadow-hover=\"\" data-shadow-click=\"none\" data-shadow=\"\" data-shd-shadow=\"\"  data-ultimate-target='#ubtn-3139'  data-responsive-json-new='{\"font-size\":\"\",\"line-height\":\"\"}'  style=\"font-weight:normal;width:300px;min-height:50px;padding:px px;border:none;background: #1e73be;color: #ffffff;\"><span class=\"ubtn-hover\" style=\"background-color:#dd3333\"><\/span><span class=\"ubtn-data ubtn-text \" >Contact Us<\/span><\/button><\/a><\/div>[\/vc_column][\/vc_row][vc_row][vc_column][vc_custom_heading text=&#8221;Di\u011fer \u00dcr\u00fcnlerimiz&#8221; font_container=&#8221;tag:h3|text_align:left&#8221; use_theme_fonts=&#8221;yes&#8221; css=&#8221;.vc_custom_1587989644591{padding-bottom: 30px !important;}&#8221;][\/vc_column][\/vc_row][vc_row][vc_column width=&#8221;1\/3&#8243;]<div class=\" ubtn-ctn-center \"><a class=\"ubtn-link ult-adjust-bottom-margin ubtn-center ubtn-custom \" href=\"https:\/\/istyapi.com.tr\/en\/en\/aluminum-blind-systems\/\" title=\"Aluminum Blind Systems\" ><button type=\"button\" id=\"ubtn-6588\"  class=\"ubtn ult-adjust-bottom-margin ult-responsive ubtn-custom ubtn-fade-bg  ulta-push  ubtn-center   tooltip-69edb20ec4add\"  data-hover=\"#ffffff\" data-border-color=\"\" data-bg=\"#e0e0e0\" data-hover-bg=\"#1e73be\" data-border-hover=\"\" data-shadow-hover=\"\" data-shadow-click=\"none\" data-shadow=\"\" data-shd-shadow=\"\"  data-ultimate-target='#ubtn-6588'  data-responsive-json-new='{\"font-size\":\"\",\"line-height\":\"\"}'  style=\"font-weight:normal;width:300px;min-height:50px;padding:px px;border:none;background: #e0e0e0;color: #000000;\"><span class=\"ubtn-hover\" style=\"background-color:#1e73be\"><\/span><span class=\"ubtn-data ubtn-text \" >Aluminum Blind Systems<\/span><\/button><\/a><\/div><div class=\" ubtn-ctn-center \"><a class=\"ubtn-link ult-adjust-bottom-margin ubtn-center ubtn-custom \" href=\"https:\/\/istyapi.com.tr\/en\/en\/venetian-blind-systems\/\" title=\"Venetian Blind Systems\" ><button type=\"button\" id=\"ubtn-1681\"  class=\"ubtn ult-adjust-bottom-margin ult-responsive ubtn-custom ubtn-fade-bg  ulta-push  ubtn-center   tooltip-69edb20ec4b30\"  data-hover=\"#ffffff\" data-border-color=\"\" data-bg=\"#e0e0e0\" data-hover-bg=\"#1e73be\" data-border-hover=\"\" data-shadow-hover=\"\" data-shadow-click=\"none\" data-shadow=\"\" data-shd-shadow=\"\"  data-ultimate-target='#ubtn-1681'  data-responsive-json-new='{\"font-size\":\"\",\"line-height\":\"\"}'  style=\"font-weight:normal;width:300px;min-height:50px;padding:px px;border:none;background: #e0e0e0;color: #000000;\"><span class=\"ubtn-hover\" style=\"background-color:#1e73be\"><\/span><span class=\"ubtn-data ubtn-text \" >Venetian Blind Systems<\/span><\/button><\/a><\/div><div class=\" ubtn-ctn-center \"><a class=\"ubtn-link ult-adjust-bottom-margin ubtn-center ubtn-custom \" href=\"https:\/\/istyapi.com.tr\/en\/en\/sectional-garage-door\/\" title=\"Sectional Garage Door\" ><button type=\"button\" id=\"ubtn-5142\"  class=\"ubtn ult-adjust-bottom-margin ult-responsive ubtn-custom ubtn-fade-bg  ulta-push  ubtn-center   tooltip-69edb20ec4b79\"  data-hover=\"#ffffff\" data-border-color=\"\" data-bg=\"#e0e0e0\" data-hover-bg=\"#1e73be\" data-border-hover=\"\" data-shadow-hover=\"\" data-shadow-click=\"none\" data-shadow=\"\" data-shd-shadow=\"\"  data-ultimate-target='#ubtn-5142'  data-responsive-json-new='{\"font-size\":\"\",\"line-height\":\"\"}'  style=\"font-weight:normal;width:300px;min-height:50px;padding:px px;border:none;background: #e0e0e0;color: #000000;\"><span class=\"ubtn-hover\" style=\"background-color:#1e73be\"><\/span><span class=\"ubtn-data ubtn-text \" >Sectional Garage Door<\/span><\/button><\/a><\/div>[\/vc_column][vc_column width=&#8221;1\/3&#8243;]<div class=\" ubtn-ctn-center \"><a class=\"ubtn-link ult-adjust-bottom-margin ubtn-center ubtn-custom \" href=\"https:\/\/istyapi.com.tr\/en\/en\/spiral-garage-doors\/\" title=\"Spiral Garage Doors\" ><button type=\"button\" id=\"ubtn-8915\"  class=\"ubtn ult-adjust-bottom-margin ult-responsive ubtn-custom ubtn-fade-bg  ulta-push  ubtn-center   tooltip-69edb20ec4bbe\"  data-hover=\"#ffffff\" data-border-color=\"\" data-bg=\"#e0e0e0\" data-hover-bg=\"#1e73be\" data-border-hover=\"\" data-shadow-hover=\"\" data-shadow-click=\"none\" data-shadow=\"\" data-shd-shadow=\"\"  data-ultimate-target='#ubtn-8915'  data-responsive-json-new='{\"font-size\":\"\",\"line-height\":\"\"}'  style=\"font-weight:normal;width:300px;min-height:50px;padding:px px;border:none;background: #e0e0e0;color: #000000;\"><span class=\"ubtn-hover\" style=\"background-color:#1e73be\"><\/span><span class=\"ubtn-data ubtn-text \" >Spiral Garage Doors<\/span><\/button><\/a><\/div><div class=\" ubtn-ctn-center \"><a class=\"ubtn-link ult-adjust-bottom-margin ubtn-center ubtn-custom \" href=\"https:\/\/istyapi.com.tr\/en\/en\/sliding-garden-door-motor\/\" title=\"Sliding Garden Door Motor\" ><button type=\"button\" id=\"ubtn-2711\"  class=\"ubtn ult-adjust-bottom-margin ult-responsive ubtn-custom ubtn-fade-bg  ulta-push  ubtn-center   tooltip-69edb20ec4c02\"  data-hover=\"#ffffff\" data-border-color=\"\" data-bg=\"#e0e0e0\" data-hover-bg=\"#1e73be\" data-border-hover=\"\" data-shadow-hover=\"\" data-shadow-click=\"none\" data-shadow=\"\" data-shd-shadow=\"\"  data-ultimate-target='#ubtn-2711'  data-responsive-json-new='{\"font-size\":\"\",\"line-height\":\"\"}'  style=\"font-weight:normal;width:300px;min-height:50px;padding:px px;border:none;background: #e0e0e0;color: #000000;\"><span class=\"ubtn-hover\" style=\"background-color:#1e73be\"><\/span><span class=\"ubtn-data ubtn-text \" >Sliding Garden Door Motor<\/span><\/button><\/a><\/div><div class=\" ubtn-ctn-center \"><a class=\"ubtn-link ult-adjust-bottom-margin ubtn-center ubtn-custom \" href=\"https:\/\/istyapi.com.tr\/en\/en\/90-degree-opening-garden-door-motor\/\" title=\"90 Degree Opening Garden Door Motor\" ><button type=\"button\" id=\"ubtn-4277\"  class=\"ubtn ult-adjust-bottom-margin ult-responsive ubtn-custom ubtn-fade-bg  ulta-push  ubtn-center   tooltip-69edb20ec4c56\"  data-hover=\"#ffffff\" data-border-color=\"\" data-bg=\"#e0e0e0\" data-hover-bg=\"#1e73be\" data-border-hover=\"\" data-shadow-hover=\"\" data-shadow-click=\"none\" data-shadow=\"\" data-shd-shadow=\"\"  data-ultimate-target='#ubtn-4277'  data-responsive-json-new='{\"font-size\":\"\",\"line-height\":\"\"}'  style=\"font-weight:normal;width:300px;min-height:50px;padding:px px;border:none;background: #e0e0e0;color: #000000;\"><span class=\"ubtn-hover\" style=\"background-color:#1e73be\"><\/span><span class=\"ubtn-data ubtn-text \" >90 Degree Opening Garden Door Motor<\/span><\/button><\/a><\/div>[\/vc_column][vc_column width=&#8221;1\/3&#8243;]<div class=\" ubtn-ctn-center \"><a class=\"ubtn-link ult-adjust-bottom-margin ubtn-center ubtn-custom \" href=\"https:\/\/istyapi.com.tr\/en\/en\/parking-barrier-systems\/\" title=\"Parking Barrier Systems\" ><button type=\"button\" id=\"ubtn-3273\"  class=\"ubtn ult-adjust-bottom-margin ult-responsive ubtn-custom ubtn-fade-bg  ulta-push  ubtn-center   tooltip-69edb20ec4c99\"  data-hover=\"#ffffff\" data-border-color=\"\" data-bg=\"#e0e0e0\" data-hover-bg=\"#1e73be\" data-border-hover=\"\" data-shadow-hover=\"\" data-shadow-click=\"none\" data-shadow=\"\" data-shd-shadow=\"\"  data-ultimate-target='#ubtn-3273'  data-responsive-json-new='{\"font-size\":\"\",\"line-height\":\"\"}'  style=\"font-weight:normal;width:300px;min-height:50px;padding:px px;border:none;background: #e0e0e0;color: #000000;\"><span class=\"ubtn-hover\" style=\"background-color:#1e73be\"><\/span><span class=\"ubtn-data ubtn-text \" >Parking Barrier Systems<\/span><\/button><\/a><\/div><div class=\" ubtn-ctn-center \"><a class=\"ubtn-link ult-adjust-bottom-margin ubtn-center ubtn-custom \" href=\"https:\/\/istyapi.com.tr\/en\/en\/roof-window-motor\/\" title=\"Roof Window Motor\" ><button type=\"button\" id=\"ubtn-1046\"  class=\"ubtn ult-adjust-bottom-margin ult-responsive ubtn-custom ubtn-fade-bg  ulta-push  ubtn-center   tooltip-69edb20ec4cdb\"  data-hover=\"#ffffff\" data-border-color=\"\" data-bg=\"#e0e0e0\" data-hover-bg=\"#1e73be\" data-border-hover=\"\" data-shadow-hover=\"\" data-shadow-click=\"none\" data-shadow=\"\" data-shd-shadow=\"\"  data-ultimate-target='#ubtn-1046'  data-responsive-json-new='{\"font-size\":\"\",\"line-height\":\"\"}'  style=\"font-weight:normal;width:300px;min-height:50px;padding:px px;border:none;background: #e0e0e0;color: #000000;\"><span class=\"ubtn-hover\" style=\"background-color:#1e73be\"><\/span><span class=\"ubtn-data ubtn-text \" >Roof Window Motor<\/span><\/button><\/a><\/div><div class=\" ubtn-ctn-center \"><a class=\"ubtn-link ult-adjust-bottom-margin ubtn-center ubtn-custom \" href=\"https:\/\/istyapi.com.tr\/en\/en\/smart-home-systems\/\" title=\"Smart Home Systems\" ><button type=\"button\" id=\"ubtn-7284\"  class=\"ubtn ult-adjust-bottom-margin ult-responsive ubtn-custom ubtn-fade-bg  ulta-push  ubtn-center   tooltip-69edb20ec4d1a\"  data-hover=\"#ffffff\" data-border-color=\"\" data-bg=\"#e0e0e0\" data-hover-bg=\"#1e73be\" data-border-hover=\"\" data-shadow-hover=\"\" data-shadow-click=\"none\" data-shadow=\"\" data-shd-shadow=\"\"  data-ultimate-target='#ubtn-7284'  data-responsive-json-new='{\"font-size\":\"\",\"line-height\":\"\"}'  style=\"font-weight:normal;width:300px;min-height:50px;padding:px px;border:none;background: #e0e0e0;color: #000000;\"><span class=\"ubtn-hover\" style=\"background-color:#1e73be\"><\/span><span class=\"ubtn-data ubtn-text \" >Smart Home Systems<\/span><\/button><\/a><\/div>[\/vc_column][\/vc_row]<\/p>\n","protected":false},"excerpt":{"rendered":"<p>[vc_row css=&#8221;.vc_custom_1587987672567{padding-top: 40px !important;}&#8221;][vc_column width=&#8221;1\/2&#8243;][vc_custom_heading text=&#8221;Parking Barrier Systems&#8221; use_theme_fonts=&#8221;yes&#8221; css=&#8221;.vc_custom_1589043107234{padding-bottom: 30px !important;}&#8221;][vc_column_text] Parking Barrier Systems are used especially in massive or medium-density mass housing, industrial facilities and government institutions. The robustness and opening and closing performance of automatic barrier systems are designed for 100% continuity. &nbsp; Parking Barrier systems, besides being able to perform basic [&hellip;]<\/p>\n","protected":false},"author":1,"featured_media":0,"parent":0,"menu_order":0,"comment_status":"closed","ping_status":"closed","template":"","meta":{"_joinchat":[],"footnotes":""},"class_list":["post-1714","page","type-page","status-publish","hentry"],"aioseo_notices":[],"_links":{"self":[{"href":"https:\/\/www.istyapi.com.tr\/en\/wp-json\/wp\/v2\/pages\/1714","targetHints":{"allow":["GET"]}}],"collection":[{"href":"https:\/\/www.istyapi.com.tr\/en\/wp-json\/wp\/v2\/pages"}],"about":[{"href":"https:\/\/www.istyapi.com.tr\/en\/wp-json\/wp\/v2\/types\/page"}],"author":[{"embeddable":true,"href":"https:\/\/www.istyapi.com.tr\/en\/wp-json\/wp\/v2\/users\/1"}],"replies":[{"embeddable":true,"href":"https:\/\/www.istyapi.com.tr\/en\/wp-json\/wp\/v2\/comments?post=1714"}],"version-history":[{"count":1,"href":"https:\/\/www.istyapi.com.tr\/en\/wp-json\/wp\/v2\/pages\/1714\/revisions"}],"predecessor-version":[{"id":2220,"href":"https:\/\/www.istyapi.com.tr\/en\/wp-json\/wp\/v2\/pages\/1714\/revisions\/2220"}],"wp:attachment":[{"href":"https:\/\/www.istyapi.com.tr\/en\/wp-json\/wp\/v2\/media?parent=1714"}],"curies":[{"name":"wp","href":"https:\/\/api.w.org\/{rel}","templated":true}]}}